{"id":396,"date":"2019-05-08T08:00:05","date_gmt":"2019-05-08T06:00:05","guid":{"rendered":"https:\/\/www.labottegadelfermentista.com\/?page_id=396"},"modified":"2020-04-02T10:59:24","modified_gmt":"2020-04-02T08:59:24","slug":"condizioni-di-vendita","status":"publish","type":"page","link":"https:\/\/www.labottegadelfermentista.com\/?page_id=396","title":{"rendered":"Termini e Condizioni di Vendita"},"content":{"rendered":"\n<p><\/p>\n\n\n\n<h2 class=\"wp-block-heading\"><\/h2>\n\n\n<!--themify_builder_static--><h3>Termini e condizioni di vendita, politiche di reso, informativa e consenso privacy<\/h3> <p><strong>INFORMAZIONI GENERALI<\/strong><\/p> <p>Le presenti Condizioni Generali di Vendita hanno per oggetto l\u2019acquisto di beni, effettuato a distanza tramite rete telematica sul sito www.labottegadelfermentista.com, appartenente a la Bottega del Fermentista di Alberto Lavarini, con sede in Ornavasso 28877 (VB) via Alfredo di Dio 36D. Ogni operazione di acquisto sar\u00e0 regolata dalle disposizioni di cui al DLgs. 185\/99, DLgs. 206\/05; le informazioni dirette alla conclusione del contratto saranno sottoposte all\u2019art. 12 del DLgs. 70\/03 e, per quanto concerne la tutela della riservatezza, sar\u00e0 sottoposta alla normativa di cui al DLgs. 196\/03 e successivi.<\/p> <p><strong>CONCLUSIONE DEL CONTRATTO E ACCETTAZIONE DELLE CONDIZIONI GENERALI DI VENDITA<\/strong><\/p> <p>I contratti di vendita dei prodotti sul sito www.labottegadelfermentista.com, si considerano conclusi al momento in cui perviene l\u2019ordine di acquisto effettuato dal cliente a la Bottega del Fermentista e quest\u2019ultimo lo accetta. La Bottega del Fermentista invier\u00e0 tempestivamente al cliente conferma dell\u2019ordine di acquisto effettuato dal cliente.<br \/>Il cliente, con l\u2019invio telematico del proprio ordine d\u2019acquisto, dichiara di aver preso visione e di aver accettato le presenti condizioni generali di contratto e si obbliga ad osservarle e rispettarle nei suoi rapporti con la Bottega del Fermentista.<\/p> <p>TRATTAMENTO DEI DATI PERSONALI E PRIVACY<\/p> <p>La Bottega del Fermentista con sede in via Alfredo di Dio 36d Ornavasso 28877 (VB), in qualit\u00e0 di Titolare del trattamento dei dati personali ai sensi dell\u2019art. 4 del Regolamento UE 2016\/679 la informa, ai sensi dell\u2019art. 13 del Regolamento, che tratter\u00e0 suoi dati personali in via manuale e\/o con il supporto di mezzi informatici per le finalit\u00e0 di seguito indicate.<\/p> <p><i>Finalit\u00e0 del trattamento<\/i><\/p> <p>I dati personali da lei forniti saranno trattati per finalit\u00e0 connesse all\u2019esecuzione del contratto, compresa l\u2019eventuale fase precontrattuale e, precisamente, per la compilazione di liste anagrafiche, la tenuta della contabilit\u00e0, la fatturazione, l\u2019effettuazione di comunicazioni sia con mezzi cartacei che informatici, adempimenti fiscali, gestione organizzativa delle prestazioni richieste e stipula dei contratti, fissazione degli appuntamenti, evasione ordini, consegne, adempimenti burocratici relativi alle prestazioni richieste.<\/p> <p>I suoi dati potranno essere utilizzati per l\u2019invio di comunicazioni commerciali e\/o promozionali relative a prodotti e servizi analoghi a quelli oggetto del rapporto contrattuale intercorso, salvo suo dissenso.<\/p> <p>I suoi dati potranno essere trattati per finalit\u00e0 interne di statistica e ricerca di mercato.<\/p> <p>Il mancato conferimento dei dati personali comporter\u00e0 l&#8217;impossibilit\u00e0, da parte nostra, di dar corso a contratti ed altri adempimenti connessi, nonch\u00e9 di gestire correttamente le reciproche relazioni commerciali.<\/p> <p><i>Base giuridica<\/i><\/p> <p>I suoi dati personali saranno trattati per l&#8217;esecuzione di un contratto concluso con lei o per l&#8217;esecuzione di misure precontrattuali adottate su sua richiesta. <\/p> <p>L\u2019invio di comunicazioni commerciali e\/o promozionali relative a prodotti e servizi analoghi a quelli oggetto del rapporto contrattuale intercorso avviene sulla base del legittimo interesse del Titolare.<\/p> <p><i>Destinatari dei dati<\/i><\/p> <p>I Suoi dati, inoltre, potranno essere comunicati a soggetti terzi, per esigenze tecniche ed operative strettamente collegate alle finalit\u00e0 sopra enunciate ed in particolare alle seguenti categorie di soggetti:<\/p> <p>a)\u00a0\u00a0\u00a0\u00a0 enti, professionisti, societ\u00e0 od altre strutture da noi incaricate dei trattamenti connessi all&#8217;adempimento degli obblighi amministrativi, contabili e gestionali legati all&#8217;ordinario svolgimento della nostra attivit\u00e0 economica, anche per finalit\u00e0 di recupero credito;<\/p> <p>b)\u00a0\u00a0\u00a0\u00a0 alle pubbliche autorit\u00e0 ed amministrazioni per le finalit\u00e0 connesse all&#8217;adempimento di obblighi legali o ai soggetti legittimati ad accedervi in forza di disposizioni di legge, regolamenti, normative comunitarie;<\/p> <p>c)\u00a0\u00a0\u00a0\u00a0 banche, istituti finanziari o altri soggetti ai quali il trasferimento dei suddetti dati risulti necessario\u00a0 allo svolgimento dell&#8217;attivit\u00e0 della nostra azienda in relazione all&#8217;assolvimento, da parte nostra, delle obbligazioni contrattuali assunte nei Vs. confronti.<\/p> <p>d)\u00a0\u00a0\u00a0\u00a0 fornitori di servizi di installazione, assistenza e manutenzione di impianti e sistemi informatici e telematici e di tutti i servizi funzionalmente connessi e necessari per l\u2019adempimento delle prestazioni oggetto del Contratto.<\/p> <p><i>Tempi di conservazione dei dati<\/i><\/p> <p>I suoi dati personali saranno conservati per i tempi strettamente necessari ad espletare le finalit\u00e0 sopra illustrate e per adempiere agli obblighi previsti dalla legge.<\/p> <p><i>Trasferimento dei dati<\/i><\/p> <p>Il Titolare del trattamento non trasferisce i dati personali in paesi terzi o a organizzazioni internazionali.<\/p> <p>Tuttavia, si riserva la possibilit\u00e0 di utilizzare servizi in cloud; nel qual caso, i fornitori dei servizi saranno selezionati tra coloro che forniscono garanzie adeguate, cos\u00ec come previsto dall\u2019art. 46 GDPR 679\/16.<\/p> <p><i>Diritti dell\u2019interessato<\/i><\/p> <p>Ai sensi degli articoli 13, comma 2, e da 15 a 21 del Regolamento, La informiamo che in merito al trattamento dei Suoi dati personali Lei potr\u00e0 esercitare i seguenti diritti:<\/p> <p>a)\u00a0\u00a0\u00a0 Diritto di ottenere l\u2019accesso ai dati personali e alle seguenti informazioni: <\/p> <p>\u2022 la conferma che sia o meno in corso il trattamento di propri dati personali;<\/p> <p>\u2022 le finalit\u00e0 del trattamento; <\/p> <p>\u2022 le categorie di dati personali; <\/p> <p>\u2022 i destinatari o le categorie di destinatari a cui i dati personali sono stati o saranno comunicati;<\/p> <p>\u2022 qualora i dati non siano raccolti presso l&#8217;interessato, tutte le informazioni disponibili sulla loro origine; <\/p> <p>\u2022 l&#8217;esistenza di un processo decisionale automatizzato, compresa la profilazione;<\/p> <p>\u2022 una copia dei dati personali oggetto di trattamento.<\/p> <p>b)\u00a0\u00a0\u00a0 Diritto di rettifica ed integrazione dei dati personali;<\/p> <p>c)\u00a0\u00a0\u00a0 Diritto alla cancellazione dei dati (\u00abdiritto all&#8217;oblio\u00bb) se sussiste uno dei seguenti motivi:<\/p> <p>1. i dati personali non sono pi\u00f9 necessari rispetto alle finalit\u00e0 per le quali sono stati raccolti o altrimenti trattati;<\/p> <p>2. l\u2019interessato revoca il consenso al trattamento dei dati e non sussiste altro fondamento giuridico per il trattamento;<\/p> <p>3. l&#8217;interessato si oppone al trattamento e non sussiste alcun motivo legittimo prevalente per procedere al trattamento;<\/p> <p>4. i dati personali sono stati trattati illecitamente;<\/p> <p>5. i dati personali devono essere cancellati per adempiere un obbligo legale previsto dal diritto dell&#8217;Unione o dello Stato membro cui \u00e8 soggetto il titolare del trattamento.<\/p> <p>Il titolare del trattamento, se ha reso pubblici dati personali ed \u00e8 obbligato a cancellarli, deve informare gli altri titolari che trattano i dati personali della richiesta di cancellare qualsiasi link, copia o riproduzione dei suoi dati.<\/p> <p>d)\u00a0\u00a0\u00a0 Diritto alla limitazione del trattamento nel caso in cui:<\/p> <p>1. l\u2019interessato contesti l&#8217;esattezza dei dati personali, per il periodo necessario al titolare del trattamento per verificare l&#8217;esattezza di tali dati personali;<\/p> <p>2. il trattamento \u00e8 illecito e l&#8217;interessato si oppone alla cancellazione dei dati personali e chiede invece che ne sia limitato l&#8217;utilizzo;<\/p> <p>3. bench\u00e9 il titolare del trattamento non ne abbia pi\u00f9 bisogno ai fini del trattamento, i dati personali sono necessari all&#8217;interessato per l&#8217;accertamento, l&#8217;esercizio o la difesa di un diritto in sede giudiziaria;<\/p> <p>4. l\u2019interessato si \u00e8 opposto al trattamento, in attesa della verifica in merito all&#8217;eventuale prevalenza dei motivi legittimi del titolare del trattamento rispetto a quelli dell&#8217;interessato. <\/p> <p>e)\u00a0\u00a0\u00a0 Diritto di proporre un reclamo al Garante per la protezione dei dati personali, seguendo le procedure e le indicazioni pubblicate sul sito web ufficiale dell\u2019Autorit\u00e0 www.garanteprivacy.it.<\/p> <p>f)\u00a0\u00a0\u00a0\u00a0 Diritto alla portabilit\u00e0 del dato dell\u2019interessato ovvero il diritto di ricevere in un formato strutturato, di uso comune e leggibile da dispositivo automatico i dati personali che lo riguardano forniti a un titolare del trattamento ed eventualmente trasmetterli a un altro titolare del trattamento, qualora il trattamento si basi sul consenso o su un contratto e sia effettuato con mezzi automatizzati. Ove tecnicamente possibile, l\u2019interessato ha il diritto di ottenere la trasmissione diretta dei dati da un titolare del trattamento ad un altro.<\/p> <p>g)\u00a0\u00a0\u00a0 Diritto di opporsi in qualsiasi momento al trattamento dei dati personali, compresa la profilazione, in particolare nel caso in cui:<\/p> <p>1. il trattamento avviene sulla base del legittimo interesse del titolare, previa esplicitazione dei motivi dell\u2019opposizione; <\/p> <p>2. i dati personali sono trattati per finalit\u00e0 di marketing diretto.<\/p> <p>h)\u00a0\u00a0\u00a0 Diritto di non essere sottoposto a una decisione basata unicamente sul trattamento automatizzato, compresa la profilazione, salvo nei casi in cui la decisione: sia necessaria per la conclusione o l&#8217;esecuzione di un contratto tra l&#8217;interessato e un titolare del trattamento, sia autorizzata dal diritto dell&#8217;Unione o dello Stato membro cui \u00e8 soggetto il titolare del trattamento o si basi sul consenso esplicito dell\u2019interessato.<\/p> <p>i)\u00a0\u00a0\u00a0\u00a0 Diritto di revocare il consenso in qualsiasi momento; i dati, ove non poggino su altra base giuridica (tra cui, adempimento di un obbligo di legge o esecuzione di un contratto) devono essere cancellati dal titolare.<\/p> <p>L\u2019esercizio dei diritti non \u00e8 soggetto ad alcun vincolo di forma ed \u00e8 gratuito.<\/p> <p><i>Modalit\u00e0 di esercizio dei diritti<\/i><\/p> <p>L\u2019interessato potr\u00e0 in qualsiasi momento esercitare i diritti inviando una e-mail all\u2019indirizzo labottegadelfermentista@gmail.com<\/p> <p><i>Titolare del trattamento<\/i><\/p> <p>Il Titolare del trattamento \u00e8 la Bottega del Fermentista di Alberto Lavarini via Alfredo di Dio 36d 28877 Ornavasso (VB)<\/p> <p><strong>OBBLIGHI DEL CLIENTE<\/strong><\/p> <p>Il Cliente \u00e8 tenuto, prima di inoltrare il proprio ordine d\u2019acquisto, a leggere accuratamente le presenti condizioni generali di vendita. L\u2019inoltro dell\u2019ordine di acquisto implica la loro integrale conoscenza e la loro accettazione.<br \/>Il Cliente \u00e8 tenuto, infine, una volta conclusa la procedura d\u2019acquisto on-line, a conservare le presenti condizioni generali di vendita, gi\u00e0 visionate ed accettate durante la fase di conclusione del contratto.<\/p> <p><strong>DEFINIZIONE DELL\u2019ORDINE<\/strong><\/p> <p>Con l\u2019invio dell\u2019ordine on-line, il Cliente trasmette tramite e-mail a la Bottega del Fermentista una proposta di acquisto del prodotto e\/o dei prodotti. Quando il Cliente effettua un ordine on-line di prodotti, accetta di acquistarli al prezzo ed ai termini indicati nelle presenti Condizioni Generali di Vendita.<br \/>La Bottega del Fermentista comunicher\u00e0 al Cliente l\u2019accettazione e la conferma dell\u2019ordine.<br \/>In particolare la Bottega del Fermentista non accetter\u00e0 ordini:<\/p> <ul> <li> <p>se il materiale, al momento dell\u2019ordine non fosse disponibile a magazzino e\/o<\/p> <\/li> <li> <p>se il Cliente non pu\u00f2 o non vuole pagare utilizzando bonifico bancario<\/p> <\/li> <\/ul> <p><strong>MODALITA\u2019 D\u2019 ACQUISTO<\/strong><\/p> <p>Il cliente acquista il prodotto, le cui caratteristiche sono illustrate on-line nelle relative schede descrittive e tecniche, al prezzo ivi indicato al netto delle spese di spedizione.<br \/>Una volta inoltrato l\u2019ordine di acquisto, il cliente ricever\u00e0 da la Bottega del Fermentista un messaggio di posta elettronica di conferma dell\u2019ordine di acquisto e contenente le informazioni relative alle caratteristiche principali del bene acquistato, l\u2019indicazione dettagliata del prezzo, dei costi di consegna, dei tributi applicabili, dei mezzi di pagamento, un rinvio alle condizioni generali di contratto e alle informazioni circa l\u2019esistenza del diritto di recesso. A seguito dell\u2019approvazione del Decreto Legge 4 luglio 2006 n. 223 \u201cmanovra bis\u201d Art. 37 commi 8 e 9, convertito con la Legge 248 del 4 agosto 2006, entrata in vigore il 12 agosto 2006, con cui viene ripristinato l\u2019obbligo di comunicazione dell\u2019elenco clienti e fornitori in caso di emissione fattura, e del Decreto Legge 78 del 31 maggio 2010 convertito in Legge 122 del 30 luglio 2010, impone la necessit\u00e0 di richiedere ai clienti di comunicare PARTITA IVA e CODICE FISCALE.<\/p> <p><strong>COSTI DI SPEDIZIONE<\/strong><\/p> <p><strong>Le spese di spedizione verranno calcolate alla ricezione della proposta d\u2019acquisto, e variano in base al peso della merce secondo il seguente schema:<\/strong><\/p> <p><strong>&#8211; fino a 3 kg 6,9\u20ac (circa 6 vasi)<\/strong><\/p> <p><strong>&#8211; fino a 10 kg 9,8 \u20ac (circa 20 vasi)<\/strong><\/p> <p><strong>&#8211; fino a 20 kg 11\u20ac<\/strong><\/p> <p><strong>&#8211; fino a 30 kg 14 \u20ac<\/strong><\/p> <p><strong>Per spedizioni nella provincia del VCO vi \u00e8 una tariffazione ridotta, mentre per isole e zone disagiate saranno applicate delle maggiorazioni calcolate di volta in volta.<\/strong><\/p> <p><strong>PAGAMENTO<\/strong><\/p> <p>Il cliente pu\u00f2 effettuare il pagamento dovuto tramite bonifico bancario utilizzando i seguenti estremi:<br \/>\u2013 IBAN: IT03U0347501605CC0010122241<br \/>Intestazione: Lavarini Alberto.<\/p> <p>Nel caso in cui il pagamento venga effettuato tramite bonifico bancario, il bene acquistato sar\u00e0 spedito con le modalit\u00e0 riportate al successivo paragrafo \u201cConsegna dei Prodotti\u201d, all\u2019indirizzo indicato dal cliente al ricevimento dell\u2019accredito, quindi mediamente entro due\/cinque giorni dopo l\u2019effettuazione del bonifico (le tempistiche variano a seconda dell\u2019Istituto di Credito utilizzato). Per agevolare l\u2019iter potr\u00e0 essere inviata la ricevuta di pagamento unita al vostro numero ordine via e-mail a: <a href=\"mailto:labottegadelfermentista@gmail.com\">labottegadelfermentista@gmail.com<\/a><\/p> <p><strong>CONSEGNA DEI PRODOTTI<\/strong><\/p> <p>Il bene acquistato \u00e8 consegnato tramite corriere all\u2019indirizzo specificato dal Cliente al momento dell\u2019ordine. Eventuali esigenze specifiche dovranno essere prospettate dal cliente a la Bottega del Fermentista<br \/>la Bottega del Fermentista garantisce la consegna del bene entro 14 giorni lavorativi a partire dalla data di ricezione della conferma dell\u2019 avvenuta transazione.<br \/>Nel caso di mancato recapito per assenza del destinatario, all\u2019indirizzo da lui indicato nell\u2019ordine, il corriere lascer\u00e0 un avviso e riprover\u00e0 una seconda volta; se il destinatario risultasse ancora assente, andr\u00e0 in giacenza ed occorrer\u00e0 pagare un supplemento per lo svincolo e la riconsegna.<\/p> <p><strong>GARANZIA DI CONFORMITA\u2019 E PRODOTTI DIFETTOSI<\/strong><\/p> <p>I prodotti acquistati sul sito www.labottegadelfermentista.com sono soggetti alla disciplina sulla vendita dei beni di consumo. I prodotti consegnati sono conformi alle caratteristiche illustrate on-line nelle relative schede descrittive e tecniche.<br \/>la Bottega del Fermentista \u00e8 responsabile nei confronti del cliente per i difetti di conformit\u00e0 esistenti al momento della consegna del bene.<\/p> <p><strong>DIRITTTO DI RECESSO<\/strong><\/p> <p>Il consumatore ha diritto recesso e quindi di restituire qualsiasi bene da lui acquistato sul sito www.labottegadelfermentista.com senza alcuna penalit\u00e0 e senza specificarne il motivo, entro il termine di 14 giorni lavorativi decorrenti dal ricevimento del bene.<\/p> <p><strong>MODALITA\u2019 PER L\u2019ERSERCIZIO DEL DIRITTO DI RECESSO<\/strong><\/p> <p>Il diritto di recesso si esercita con l\u2019invio, entro il suddetto termine, di una comunicazione scritta a la Bottega del Fermentista mediante:<br \/>e-mail all\u2019indirizzo:\u00a0labottegadelfermentista@gmail.com<br \/>raccomandata A\/R all\u2019indirizzo: la Bottega del Fermentista via Alfredo di Dio 36D Ornavasso 28877 (VB)<br \/>la Bottega del Fermentista invier\u00e0 quindi a mezzo e-mail entro 2 giorni l\u2019autorizzazione con le istruzioni idonee ad effettuare il reso del bene.<br \/>Il reso del bene va effettuato entro 14 giorni dal ricevimento dell\u2019autorizzazione.<br \/>Il bene che viene reso non dovr\u00e0 essere stato usato, consumato, modificato o danneggiato e dovr\u00e0 inoltre essere completo di ogni accessorio, dei manuali di istruzione e di tutto quanto in origine consegnato al cliente, nonch\u00e9 imballato nei suoi involucri originali.<br \/>Al prodotto restituito va unita una copia della ricevuta dell\u2019ordine.<br \/>Le spese di restituzione del bene a la Bottega del Fermentista sono a carico del cliente.<br \/>Se il diritto di recesso \u00e8 esercitato dal cliente conformemente alle disposizioni contenute nella presente clausola, la Bottega del Fermentista proceder\u00e0 al rimborso del prezzo pagato dal cliente e delle spese di spedizione sostenute per ricevere il prodotto nella misura della modalit\u00e0 di consegna pi\u00f9 economica offerta da la Bottega del Fermentista.<br \/>Il rimborso avverr\u00e0 entro 14 giorni dalla data in cui il diritto di recesso \u00e8 stato esercitato e comunque non prima che la Bottega del Fermentista abbia ricevuto il bene reso dal cliente e dopo aver verificato che questo non risulti usato, modificato oppure danneggiato.<br \/>Questa operazione verr\u00e0 effettuata accreditando la somma sul conto corrente bancario indicato dal cliente.<br \/>la Bottega del Fermentista ha il diritto di respingere qualsiasi prodotto restituito con modalit\u00e0 diverse da quelle sopra specificate, cos\u00ec come i prodotti per i quali non siano state integralmente pagate dal cliente le spese di restituzione, oppure non siano state rispettate le modalit\u00e0 e i tempi indicati per la comunicazione dell\u2019esercizio del diritto di recesso.<\/p> <p><strong>CLAUSOLA RISOLUTIVA ESPRESSA<\/strong><\/p> <p>In caso di mancato pagamento totale o parziale del prezzo di acquisto del bene la Bottega del Fermentista si riserva il diritto di dichiarare ai sensi e per gli effetti dell\u2019art. 1456 del codice civile risolto il presente contratto mediante l\u2019invio di una comunicazione scritta all\u2019indirizzo elettronico del cliente.<\/p> <p><strong>RECLAMI<\/strong><\/p> <p>Per ogni eventuale reclamo o chiarimento, il cliente dovr\u00e0 contattare l\u2019indirizzo di e-mail <a href=\"mailto:labottegadelfermentista@gmail.com\">labottegadelfermentista@gmail.com<\/a>. Il cliente verr\u00e0 successivamente ricontattato per chiarimenti.<\/p> <p><strong>STRUMENTO ONLINE PER LA RISOLUZIONE DELLE CONTROVERSIE<\/strong><\/p> <p>ODR (\u201crisoluzione online delle controversie\u201d) \u00e8 un processo che permetter\u00e0 ai consumatori residenti nel territorio dell\u2019Unione Europea di presentare i propri reclami relativi a contratti stipulati online (sia per l\u2019acquisto di beni che di servizi) con aziende con sede nella UE. Ai sensi dell\u2019art. 14 del Regolamento 524\/2013\/EU, tali societ\u00e0 sono tenute ad informare i propri utenti della possibilit\u00e0 di avvalersi di tale strumento ed a rendere disponibile sul proprio sito il link alla cosiddetta \u201cpiattaforma ODR\u201d (Online Dispute Resolution) fornita dalla Commissione Europea.<br \/>Vi rimandiamo alla pagina di riferimento della risoluzione delle dispute online:<br \/>https:\/\/webgate.ec.europa.eu\/odr\/main\/index.cfm?event=main.home.show&amp;lng=IT<\/p> <p><strong>LEGGE APPLICABILE E FORO COMPETENTE<\/strong><\/p> <p>Il presente contratto \u00e8 regolato dalla legge italiana. La competenza e il foro esclusivo per ogni eventuale azione legale intentata dall\u2019Acquirente ai sensi della presente garanzia o di eventuali ulteriori garanzie legali sar\u00e0 il Tribunale di Verbania. In caso di vittoria di la Bottega del Fermentista in un\u2019eventuale azione legale, l\u2019attore dovr\u00e0 rimborsare a la Bottega del Fermentista le spese, comprese le parcelle degli avvocati e le spese del giudizio, sostenute da la Bottega del Fermentista per la propria difesa.<\/p> <p><strong>RINVIO<\/strong><\/p> <p>Per quanto non espressamente previsto nel presente contratto si applicano le norme di legge italiana vigente.<\/p> <p><br \/><br \/><\/p><!--\/themify_builder_static-->","protected":false},"excerpt":{"rendered":"<p>Termini e condizioni di vendita, politiche di reso, informativa e consenso privacy INFORMAZIONI GENERALI Le presenti Condizioni Generali di Vendita hanno per oggetto l\u2019acquisto di beni, effettuato a distanza tramite rete telematica sul sito www.labottegadelfermentista.com, appartenente a la Bottega del Fermentista di Alberto Lavarini, con sede in Ornavasso 28877 (VB) via Alfredo di Dio 36D. [&hellip;]<\/p>\n","protected":false},"author":1,"featured_media":0,"parent":0,"menu_order":0,"comment_status":"closed","ping_status":"closed","template":"","meta":{"jetpack_post_was_ever_published":false,"footnotes":""},"class_list":["post-396","page","type-page","status-publish","hentry"],"jetpack_sharing_enabled":true,"jetpack_shortlink":"https:\/\/wp.me\/PaTIjI-6o","_links":{"self":[{"href":"https:\/\/www.labottegadelfermentista.com\/index.php?rest_route=\/wp\/v2\/pages\/396","targetHints":{"allow":["GET"]}}],"collection":[{"href":"https:\/\/www.labottegadelfermentista.com\/index.php?rest_route=\/wp\/v2\/pages"}],"about":[{"href":"https:\/\/www.labottegadelfermentista.com\/index.php?rest_route=\/wp\/v2\/types\/page"}],"author":[{"embeddable":true,"href":"https:\/\/www.labottegadelfermentista.com\/index.php?rest_route=\/wp\/v2\/users\/1"}],"replies":[{"embeddable":true,"href":"https:\/\/www.labottegadelfermentista.com\/index.php?rest_route=%2Fwp%2Fv2%2Fcomments&post=396"}],"version-history":[{"count":21,"href":"https:\/\/www.labottegadelfermentista.com\/index.php?rest_route=\/wp\/v2\/pages\/396\/revisions"}],"predecessor-version":[{"id":988,"href":"https:\/\/www.labottegadelfermentista.com\/index.php?rest_route=\/wp\/v2\/pages\/396\/revisions\/988"}],"wp:attachment":[{"href":"https:\/\/www.labottegadelfermentista.com\/index.php?rest_route=%2Fwp%2Fv2%2Fmedia&parent=396"}],"curies":[{"name":"wp","href":"https:\/\/api.w.org\/{rel}","templated":true}]}}